{"id":460,"date":"2019-09-04T02:19:28","date_gmt":"2019-09-04T02:19:28","guid":{"rendered":"http:\/\/23805.lamdx.vinawebsite.vn\/?page_id=460"},"modified":"2019-11-10T11:49:25","modified_gmt":"2019-11-10T11:49:25","slug":"thiet-ke","status":"publish","type":"page","link":"https:\/\/adalhome.com.au\/vi\/thiet-ke\/","title":{"rendered":"Thi\u1ebft k\u1ebf"},"content":{"rendered":"\t<section class=\"section sec_shingle\" id=\"section_1078658575\">\n\t\t<div class=\"bg section-bg fill bg-fill  bg-loaded\" >\n\n\t\t\t\n\t\t\t\n\t\t\t\n\n\t\t<\/div>\n\n\t\t<div class=\"section-content relative\">\n\t\t\t\n<div class=\"row row-small align-center row_shingle\"  id=\"row-884416342\">\n\n\t<div id=\"col-841051405\" class=\"col pb-0 medium-12 small-12 large-10\"  >\n\t\t<div class=\"col-inner\"  >\n\t\t\t\n\t\t\t\n<div class=\"container section-title-container\" ><h3 class=\"section-title section-title-center\"><b><\/b><span class=\"section-title-main\" >TH\u00d4NG TIN S\u1ea2N PH\u1ea8M<\/span><b><\/b><\/h3><\/div>\n<div class=\"row row_item\"  id=\"row-27779355\">\n\n\t<div id=\"col-1462983116\" class=\"col medium-6 small-12 large-6\"  >\n\t\t<div class=\"col-inner\"  >\n\t\t\t\n\t\t\t\n\n  <div class=\"banner has-hover bg-zoom has-parallax\" id=\"banner-1821924666\">\n          <div class=\"banner-inner fill\">\n        <div class=\"banner-bg fill\" data-parallax=\"-2\" data-parallax-container=\".banner\" data-parallax-background>\n            <div class=\"bg fill bg-fill \"><\/div>\n                                    \n                    <\/div>\n        <div class=\"banner-layers container\">\n            <div class=\"fill banner-link\"><\/div>            \n   <div id=\"text-box-1878217545\" class=\"text-box banner-layer x10 md-x10 lg-x10 y50 md-y50 lg-y50 res-text\">\n                                <div class=\"text-box-content text dark\">\n              \n              <div class=\"text-inner text-left\">\n                  \n<h3><span style=\"font-family: tahoma, arial, helvetica, sans-serif;\"><strong>Th\u01b0 vi\u1ec7n \u1ea3nh<\/strong><\/span><\/h3>\n<p>B\u1ed9 s\u01b0u t\u1eadp h\u00ecnh \u1ea3nh d\u1ef1 \u00e1n Adal Home \u0111\u00e3 th\u1ef1c hi\u1ec7n<\/p>\n<a rel=\"noopener noreferrer\" href=\"https:\/\/adalhome.vn\/category\/hinh-anh-du-an\/\" target=\"_blank\" class=\"button primary\">\n    <span>xem ngay<\/span>\n  <\/a>\n\n              <\/div>\n           <\/div>\n                            \n<style>\n#text-box-1878217545 {\n  width: 85%;\n}\n#text-box-1878217545 .text-box-content {\n  font-size: 100%;\n}\n@media (min-width:550px) {\n  #text-box-1878217545 {\n    width: 60%;\n  }\n}\n<\/style>\n    <\/div>\n \n        <\/div>\n      <\/div>\n\n            \n<style>\n#banner-1821924666 {\n  padding-top: 225px;\n}\n#banner-1821924666 .bg.bg-loaded {\n  background-image: url(https:\/\/adalhome.com.au\/wp-content\/uploads\/2019\/09\/compare-products.jpg);\n}\n<\/style>\n  <\/div>\n\n\n\n  <div class=\"banner has-hover bg-zoom has-parallax\" id=\"banner-818975448\">\n          <div class=\"banner-inner fill\">\n        <div class=\"banner-bg fill\" data-parallax=\"-2\" data-parallax-container=\".banner\" data-parallax-background>\n            <div class=\"bg fill bg-fill \"><\/div>\n                                    \n                    <\/div>\n        <div class=\"banner-layers container\">\n            <div class=\"fill banner-link\"><\/div>            \n   <div id=\"text-box-1558531924\" class=\"text-box banner-layer x10 md-x10 lg-x10 y50 md-y50 lg-y50 res-text\">\n                                <div class=\"text-box-content text dark\">\n              \n              <div class=\"text-inner text-left\">\n                  \n<p>T\u1ea5t c\u1ea3 trong t\u1ea7m tay<\/p>\n<h3><span style=\"font-family: tahoma, arial, helvetica, sans-serif;\"><strong>H\u01b0\u1edbng d\u1eabn k\u1ef9 thu\u1eadt<\/strong><\/span><\/h3>\n<a rel=\"noopener noreferrer\" href=\"https:\/\/adalhome.vn\/category\/tai-lieu\/\" target=\"_blank\" class=\"button primary\">\n    <span>xem ngay<\/span>\n  <\/a>\n\n              <\/div>\n           <\/div>\n                            \n<style>\n#text-box-1558531924 {\n  width: 85%;\n}\n#text-box-1558531924 .text-box-content {\n  font-size: 100%;\n}\n@media (min-width:550px) {\n  #text-box-1558531924 {\n    width: 60%;\n  }\n}\n<\/style>\n    <\/div>\n \n        <\/div>\n      <\/div>\n\n            \n<style>\n#banner-818975448 {\n  padding-top: 225px;\n}\n#banner-818975448 .bg.bg-loaded {\n  background-image: url(https:\/\/adalhome.com.au\/wp-content\/uploads\/2019\/09\/roof-visualizer.jpg);\n}\n<\/style>\n  <\/div>\n\n\n\t\t<\/div>\n\t\t\t<\/div>\n\n\t\n\n\t<div id=\"col-2074609297\" class=\"col medium-6 small-12 large-6\"  >\n\t\t<div class=\"col-inner\"  >\n\t\t\t\n\t\t\t\n\n  <div class=\"banner has-hover bg-zoom has-parallax\" id=\"banner-262098309\">\n          <div class=\"banner-inner fill\">\n        <div class=\"banner-bg fill\" data-parallax=\"-2\" data-parallax-container=\".banner\" data-parallax-background>\n            <div class=\"bg fill bg-fill \"><\/div>\n                                    \n                    <\/div>\n        <div class=\"banner-layers container\">\n            <div class=\"fill banner-link\"><\/div>            \n   <div id=\"text-box-1192514937\" class=\"text-box banner-layer x10 md-x10 lg-x10 y50 md-y50 lg-y50 res-text\">\n                                <div class=\"text-box-content text dark\">\n              \n              <div class=\"text-inner text-left\">\n                  \n<p>M\u00f4 ph\u1ecfng<\/p>\n<h3><span style=\"font-family: tahoma, arial, helvetica, sans-serif; font-size: 36px;\"><strong>Ph\u1ed1i c\u1ea3nh<\/strong><\/span><\/h3>\n<p>C\u00f4ng c\u1ee5 gi\u00fap KTS h\u00ecnh dung s\u1ea3n ph\u1ea9m ho\u00e0n thi\u1ec7n sau c\u00f9ng<\/p>\n<a rel=\"noopener noreferrer\" href=\"https:\/\/adalhome.vn\/phoi-canh\/\" target=\"_blank\" class=\"button primary\">\n    <span>Th\u1eed ngay<\/span>\n  <\/a>\n\n              <\/div>\n           <\/div>\n                            \n<style>\n#text-box-1192514937 {\n  width: 85%;\n}\n#text-box-1192514937 .text-box-content {\n  font-size: 100%;\n}\n@media (min-width:550px) {\n  #text-box-1192514937 {\n    width: 60%;\n  }\n}\n<\/style>\n    <\/div>\n \n        <\/div>\n      <\/div>\n\n            \n<style>\n#banner-262098309 {\n  padding-top: 485px;\n}\n#banner-262098309 .bg.bg-loaded {\n  background-image: url(https:\/\/adalhome.com.au\/wp-content\/uploads\/2019\/09\/explore-gallery.jpg);\n}\n<\/style>\n  <\/div>\n\n\n\t\t<\/div>\n\t\t\t<\/div>\n\n\t\n<\/div>\n\t\t<\/div>\n\t\t\t<\/div>\n\n\t\n<\/div>\n\t\t<\/div>\n\n\t\t\n<style>\n#section_1078658575 {\n  padding-top: 50px;\n  padding-bottom: 50px;\n}\n<\/style>\n\t<\/section>\n\t\n\t<section class=\"section sec_contractors dark\" id=\"section_2022754630\">\n\t\t<div class=\"bg section-bg fill bg-fill  \" >\n\n\t\t\t\n\t\t\t\n\t\t\t\n\n\t\t<\/div>\n\n\t\t<div class=\"section-content relative\">\n\t\t\t\n<div class=\"row row-small row_contractors\"  id=\"row-667604179\">\n\n\t<div id=\"col-1113446796\" class=\"col medium-7 small-12 large-7\"  >\n\t\t<div class=\"col-inner\"  >\n\t\t\t\n\t\t\t\n<h4>TI\u1ebeP NH\u1eacN<\/h4>\n<h3>Tr\u1ee3 gi\u00fap k\u1ef9 thu\u1eadt<\/h3>\n<a href=\"#\" target=\"_self\" class=\"button primary\"  >\n    <span>G\u1eecI NGAY<\/span>\n  <\/a>\n\n\t\t<\/div>\n\t\t\t<\/div>\n\n\t\n<\/div>\n\t\t<\/div>\n\n\t\t\n<style>\n#section_2022754630 {\n  padding-top: 60px;\n  padding-bottom: 60px;\n}\n#section_2022754630 .section-bg.bg-loaded {\n  background-image: url(https:\/\/adalhome.com.au\/wp-content\/uploads\/2019\/09\/bg_Contractors.jpg);\n}\n<\/style>\n\t<\/section>\n\t\n\t<section class=\"section sec_resources\" id=\"section_1858462680\">\n\t\t<div class=\"bg section-bg fill bg-fill  bg-loaded\" >\n\n\t\t\t\n\t\t\t\n\t\t\t\n\n\t\t<\/div>\n\n\t\t<div class=\"section-content relative\">\n\t\t\t\n<div class=\"row row-small align-center row_resources\"  id=\"row-240853912\">\n\n\t<div id=\"col-1574362961\" class=\"col pb-0 medium-12 small-12 large-10\"  >\n\t\t<div class=\"col-inner\"  >\n\t\t\t\n\t\t\t\n<div class=\"container section-title-container\" ><h3 class=\"section-title section-title-center\"><b><\/b><span class=\"section-title-main\" >XEM TH\u00caM<\/span><b><\/b><\/h3><\/div>\n      <div class=\"row row-small\">\n        <div class=\"col medium-6\">\n          <div class=\"col-inner\">\n            <div class=\"slider-nav\">\n                              <div class=\"box_slide\">\n                  <div class=\"box_inner\">\n                    <h3>Y\u00eau c\u1ea7u m\u1eabu<\/h3>\n                    <p>B\u1ea1n c\u1ea7n m\u1eabu th\u1ef1c t\u1ebf? Ch\u00fang t\u00f4i s\u1eb5n s\u00e0ng cung c\u1ea5p cho b\u1ea1n.<\/p>\n                    <a href=\"#\">G\u1eedi ngay<\/a>\n                  <\/div>\n                <\/div>\n                              <div class=\"box_slide\">\n                  <div class=\"box_inner\">\n                    <h3>Catalogue<\/h3>\n                    <p>Catalogue v\u00e0 t\u00e0i li\u1ec7u k\u1ef9 thu\u1eadt lu\u00f4n c\u00f3 t\u1ea1i \u0111\u00e2y.<\/p>\n                    <a href=\"#\">Xem ngay<\/a>\n                  <\/div>\n                <\/div>\n                              <div class=\"box_slide\">\n                  <div class=\"box_inner\">\n                    <h3>Minh ch\u1ee9ng<\/h3>\n                    <p>Nh\u1eefng b\u00e0i ki\u1ec3m tra th\u1ef1c t\u1ebf \u0111\u1ec3 minh ch\u1ee9ng cho ch\u1ea5t l\u01b0\u1ee3ng s\u1ea3n ph\u1ea9m.<\/p>\n                    <a href=\"#\">Xem ngay<\/a>\n                  <\/div>\n                <\/div>\n                          <\/div>\n          <\/div>\n        <\/div> \n        <div class=\"col medium-6 small-col-first\">\n          <div class=\"col-inner\">\n            <div class=\"slider-for\">\n                              <div class=\"img_slide\">\n                  <img decoding=\"async\" src=\"https:\/\/adalhome.com.au\/wp-content\/uploads\/2019\/09\/warranty.jpg\" alt=\"\" title=\"\">\n                <\/div>\n                              <div class=\"img_slide\">\n                  <img decoding=\"async\" src=\"https:\/\/adalhome.com.au\/wp-content\/uploads\/2019\/09\/literature.jpg\" alt=\"\" title=\"\">\n                <\/div>\n                              <div class=\"img_slide\">\n                  <img decoding=\"async\" src=\"https:\/\/adalhome.com.au\/wp-content\/uploads\/2019\/09\/cascade-roofing-quote.jpg\" alt=\"\" title=\"\">\n                <\/div>\n                          <\/div>\n          <\/div>\n        <\/div>               \n      <\/div>\n    \n\t\t<\/div>\n\t\t\t<\/div>\n\n\t\n<\/div>\n\t\t<\/div>\n\n\t\t\n<style>\n#section_1858462680 {\n  padding-top: 60px;\n  padding-bottom: 60px;\n}\n<\/style>\n\t<\/section>\n\t\n\t<section class=\"section sec_where dark has-parallax\" id=\"section_437576399\">\n\t\t<div class=\"bg section-bg fill bg-fill  \" data-parallax-container=\".section\" data-parallax-background data-parallax=\"-5\">\n\n\t\t\t\n\t\t\t\n\t\t\t\n\n\t\t<\/div>\n\n\t\t<div class=\"section-content relative\">\n\t\t\t\n<div class=\"row row-small row_where\"  id=\"row-132523916\">\n\n\t<div id=\"col-319841099\" class=\"col pb-0 small-12 large-12\"  >\n\t\t<div class=\"col-inner text-center\"  >\n\t\t\t\n\t\t\t\n<h2>TH\u00d4NG TIN B\u1ea2O H\u00c0NH<\/h2>\n<p>T\u00ecm hi\u1ec3u th\u00eam v\u1ec1 ch\u00ednh s\u00e1ch b\u1ea3o h\u00e0nh ch\u00ednh h\u00e3ng t\u1eeb c\u00e1c nh\u00e0 m\u00e1y<\/p>\n<a href=\"#\" target=\"_self\" class=\"button primary\"  >\n    <span>xem ngay<\/span>\n  <\/a>\n\n\t\t<\/div>\n\t\t\t<\/div>\n\n\t\n<\/div>\n\t\t<\/div>\n\n\t\t\n<style>\n#section_437576399 {\n  padding-top: 100px;\n  padding-bottom: 100px;\n}\n#section_437576399 .section-bg.bg-loaded {\n  background-image: url(https:\/\/adalhome.com.au\/wp-content\/uploads\/2019\/09\/where-to-buy.jpg);\n}\n<\/style>\n\t<\/section>\n\t\n","protected":false},"excerpt":{"rendered":"","protected":false},"author":1,"featured_media":0,"parent":0,"menu_order":0,"comment_status":"closed","ping_status":"closed","template":"page-customer.php","meta":{"content-type":"","footnotes":""},"class_list":["post-460","page","type-page","status-publish","hentry"],"_links":{"self":[{"href":"https:\/\/adalhome.com.au\/vi\/wp-json\/wp\/v2\/pages\/460","targetHints":{"allow":["GET"]}}],"collection":[{"href":"https:\/\/adalhome.com.au\/vi\/wp-json\/wp\/v2\/pages"}],"about":[{"href":"https:\/\/adalhome.com.au\/vi\/wp-json\/wp\/v2\/types\/page"}],"author":[{"embeddable":true,"href":"https:\/\/adalhome.com.au\/vi\/wp-json\/wp\/v2\/users\/1"}],"replies":[{"embeddable":true,"href":"https:\/\/adalhome.com.au\/vi\/wp-json\/wp\/v2\/comments?post=460"}],"version-history":[{"count":25,"href":"https:\/\/adalhome.com.au\/vi\/wp-json\/wp\/v2\/pages\/460\/revisions"}],"predecessor-version":[{"id":1986,"href":"https:\/\/adalhome.com.au\/vi\/wp-json\/wp\/v2\/pages\/460\/revisions\/1986"}],"wp:attachment":[{"href":"https:\/\/adalhome.com.au\/vi\/wp-json\/wp\/v2\/media?parent=460"}],"curies":[{"name":"wp","href":"https:\/\/api.w.org\/{rel}","templated":true}]}}