{"id":459,"date":"2019-09-04T02:19:18","date_gmt":"2019-09-04T02:19:18","guid":{"rendered":"http:\/\/23805.lamdx.vinawebsite.vn\/?page_id=459"},"modified":"2019-11-10T11:34:04","modified_gmt":"2019-11-10T11:34:04","slug":"nha-thau","status":"publish","type":"page","link":"https:\/\/adalhome.com.au\/vi\/nha-thau\/","title":{"rendered":"Nh\u00e0 Th\u1ea7u"},"content":{"rendered":"\t<section class=\"section sec_shingle\" id=\"section_1829081743\">\n\t\t<div class=\"bg section-bg fill bg-fill  bg-loaded\" >\n\n\t\t\t\n\t\t\t\n\t\t\t\n\n\t\t<\/div>\n\n\t\t<div class=\"section-content relative\">\n\t\t\t\n<div class=\"row row-small align-center row_shingle\"  id=\"row-1387268278\">\n\n\t<div id=\"col-619004630\" class=\"col pb-0 medium-12 small-12 large-10\"  >\n\t\t<div class=\"col-inner\"  >\n\t\t\t\n\t\t\t\n<div class=\"container section-title-container\" ><h3 class=\"section-title section-title-center\"><b><\/b><span class=\"section-title-main\" >th\u00f4ng tin s\u1ea3n ph\u1ea9m<\/span><b><\/b><\/h3><\/div>\n<div class=\"row row_item\"  id=\"row-1993928309\">\n\n\t<div id=\"col-1124092450\" class=\"col medium-6 small-12 large-6\"  >\n\t\t<div class=\"col-inner\"  >\n\t\t\t\n\t\t\t\n\n  <div class=\"banner has-hover bg-zoom has-parallax\" id=\"banner-647664164\">\n          <div class=\"banner-inner fill\">\n        <div class=\"banner-bg fill\" data-parallax=\"-2\" data-parallax-container=\".banner\" data-parallax-background>\n            <div class=\"bg fill bg-fill \"><\/div>\n                                    \n                    <\/div>\n        <div class=\"banner-layers container\">\n            <div class=\"fill banner-link\"><\/div>            \n   <div id=\"text-box-1600067448\" class=\"text-box banner-layer x10 md-x10 lg-x10 y50 md-y50 lg-y50 res-text\">\n                                <div class=\"text-box-content text dark\">\n              \n              <div class=\"text-inner text-left\">\n                  \n<h3><span style=\"font-family: tahoma, arial, helvetica, sans-serif;\"><strong>B\u1ea3o h\u00e0nh<\/strong><\/span><\/h3>\n<p>Ch\u00ednh s\u00e1ch b\u1ea3o h\u00e0nh cho c\u00e1c d\u00f2ng s\u1ea3n ph\u1ea9m.<\/p>\n<a rel=\"noopener noreferrer\" href=\"https:\/\/adalhome.vn\/category\/tai-lieu\/\" target=\"_blank\" class=\"button primary\">\n    <span>Xem ngay<\/span>\n  <\/a>\n\n              <\/div>\n           <\/div>\n                            \n<style>\n#text-box-1600067448 {\n  width: 85%;\n}\n#text-box-1600067448 .text-box-content {\n  font-size: 100%;\n}\n@media (min-width:550px) {\n  #text-box-1600067448 {\n    width: 60%;\n  }\n}\n<\/style>\n    <\/div>\n \n        <\/div>\n      <\/div>\n\n            \n<style>\n#banner-647664164 {\n  padding-top: 225px;\n}\n#banner-647664164 .bg.bg-loaded {\n  background-image: url(https:\/\/adalhome.com.au\/wp-content\/uploads\/2019\/09\/compare-products.jpg);\n}\n<\/style>\n  <\/div>\n\n\n\n  <div class=\"banner has-hover bg-zoom has-parallax\" id=\"banner-1894824476\">\n          <div class=\"banner-inner fill\">\n        <div class=\"banner-bg fill\" data-parallax=\"-2\" data-parallax-container=\".banner\" data-parallax-background>\n            <div class=\"bg fill bg-fill \"><\/div>\n                                    \n                    <\/div>\n        <div class=\"banner-layers container\">\n            <div class=\"fill banner-link\"><\/div>            \n   <div id=\"text-box-1879224717\" class=\"text-box banner-layer x10 md-x10 lg-x10 y50 md-y50 lg-y50 res-text\">\n                                <div class=\"text-box-content text dark\">\n              \n              <div class=\"text-inner text-left\">\n                  \n<p>T\u1ea5t c\u1ea3 trong t\u1ea7m tay<\/p>\n<h3><span style=\"font-family: tahoma, arial, helvetica, sans-serif;\"><strong>T\u00e0i li\u1ec7u k\u1ef9 thu\u1eadt<\/strong><\/span><\/h3>\n<a rel=\"noopener noreferrer\" href=\"https:\/\/adalhome.vn\/category\/tai-lieu\/\" target=\"_blank\" class=\"button primary\">\n    <span>Xem ngay<\/span>\n  <\/a>\n\n              <\/div>\n           <\/div>\n                            \n<style>\n#text-box-1879224717 {\n  width: 85%;\n}\n#text-box-1879224717 .text-box-content {\n  font-size: 100%;\n}\n@media (min-width:550px) {\n  #text-box-1879224717 {\n    width: 60%;\n  }\n}\n<\/style>\n    <\/div>\n \n        <\/div>\n      <\/div>\n\n            \n<style>\n#banner-1894824476 {\n  padding-top: 225px;\n}\n#banner-1894824476 .bg.bg-loaded {\n  background-image: url(https:\/\/adalhome.com.au\/wp-content\/uploads\/2019\/09\/roof-visualizer.jpg);\n}\n<\/style>\n  <\/div>\n\n\n\t\t<\/div>\n\t\t\t<\/div>\n\n\t\n\n\t<div id=\"col-859417579\" class=\"col medium-6 small-12 large-6\"  >\n\t\t<div class=\"col-inner\"  >\n\t\t\t\n\t\t\t\n\n  <div class=\"banner has-hover bg-zoom has-parallax\" id=\"banner-616185498\">\n          <div class=\"banner-inner fill\">\n        <div class=\"banner-bg fill\" data-parallax=\"-2\" data-parallax-container=\".banner\" data-parallax-background>\n            <div class=\"bg fill bg-fill \"><\/div>\n                                    \n                    <\/div>\n        <div class=\"banner-layers container\">\n            <div class=\"fill banner-link\"><\/div>            \n   <div id=\"text-box-1043417510\" class=\"text-box banner-layer x10 md-x10 lg-x10 y50 md-y50 lg-y50 res-text\">\n                                <div class=\"text-box-content text dark\">\n              \n              <div class=\"text-inner text-left\">\n                  \n<p>T\u00ecm hi\u1ec3u<\/p>\n<h3><strong><span style=\"font-size: 36px; font-family: tahoma, arial, helvetica, sans-serif;\">S\u1ea3n ph\u1ea9m<\/span><\/strong><\/h3>\n<p>C\u00e1c th\u00f4ng tin \u0111\u1ed1i chi\u1ebfu s\u1ea3n ph\u1ea9m c\u1ee7a Adal Home \u0111ang cung \u1ee9ng<\/p>\n<a rel=\"noopener noreferrer\" href=\"https:\/\/adalhome.vn\/so-sanh-sp\/\" target=\"_blank\" class=\"button primary\">\n    <span>Xem ngay<\/span>\n  <\/a>\n\n              <\/div>\n           <\/div>\n                            \n<style>\n#text-box-1043417510 {\n  width: 85%;\n}\n#text-box-1043417510 .text-box-content {\n  font-size: 100%;\n}\n@media (min-width:550px) {\n  #text-box-1043417510 {\n    width: 60%;\n  }\n}\n<\/style>\n    <\/div>\n \n        <\/div>\n      <\/div>\n\n            \n<style>\n#banner-616185498 {\n  padding-top: 485px;\n}\n#banner-616185498 .bg.bg-loaded {\n  background-image: url(https:\/\/adalhome.com.au\/wp-content\/uploads\/2019\/09\/explore-gallery.jpg);\n}\n<\/style>\n  <\/div>\n\n\n\t\t<\/div>\n\t\t\t<\/div>\n\n\t\n<\/div>\n\t\t<\/div>\n\t\t\t<\/div>\n\n\t\n<\/div>\n\t\t<\/div>\n\n\t\t\n<style>\n#section_1829081743 {\n  padding-top: 50px;\n  padding-bottom: 50px;\n}\n<\/style>\n\t<\/section>\n\t\n\t<section class=\"section sec_contractors dark\" id=\"section_483903909\">\n\t\t<div class=\"bg section-bg fill bg-fill  \" >\n\n\t\t\t\n\t\t\t\n\t\t\t\n\n\t\t<\/div>\n\n\t\t<div class=\"section-content relative\">\n\t\t\t\n<div class=\"row row-small row_contractors\"  id=\"row-129036349\">\n\n\t<div id=\"col-686984562\" class=\"col medium-7 small-12 large-7\"  >\n\t\t<div class=\"col-inner\"  >\n\t\t\t\n\t\t\t\n<h4>T\u00ccM HI\u1ec2U TH\u00caM<\/h4>\n<h3>T\u00c0I LI\u1ec6U THAM KH\u1ea2O<\/h3>\n<p>B\u1ea1n thi\u1ebfu th\u00f4ng tin, c\u1ea7n t\u00ecm hi\u1ec3u th\u00eam v\u1ec1 s\u1ea3n ph\u1ea9m, ph\u01b0\u01a1ng ph\u00e1p thi c\u00f4ng,&#8230; h\u00e3y tham kh\u1ea3o t\u1ea1i \u0111\u00e2y.<\/p>\n<a rel=\"noopener noreferrer\" href=\"https:\/\/adalhome.vn\/category\/tai-lieu\/\" target=\"_blank\" class=\"button primary\">\n    <span>XEM NGAY<\/span>\n  <\/a>\n\n\t\t<\/div>\n\t\t\t<\/div>\n\n\t\n<\/div>\n\t\t<\/div>\n\n\t\t\n<style>\n#section_483903909 {\n  padding-top: 60px;\n  padding-bottom: 60px;\n}\n#section_483903909 .section-bg.bg-loaded {\n  background-image: url(https:\/\/adalhome.com.au\/wp-content\/uploads\/2019\/10\/1366x310-1.jpg);\n}\n<\/style>\n\t<\/section>\n\t\n\t<section class=\"section sec_resources\" id=\"section_645933643\">\n\t\t<div class=\"bg section-bg fill bg-fill  bg-loaded\" >\n\n\t\t\t\n\t\t\t\n\t\t\t\n\n\t\t<\/div>\n\n\t\t<div class=\"section-content relative\">\n\t\t\t\n<div class=\"row row-small align-center row_resources\"  id=\"row-1657391354\">\n\n\t<div id=\"col-1194892016\" class=\"col pb-0 medium-12 small-12 large-10\"  >\n\t\t<div class=\"col-inner\"  >\n\t\t\t\n\t\t\t\n<div class=\"container section-title-container\" ><h3 class=\"section-title section-title-center\"><b><\/b><span class=\"section-title-main\" >h\u1ed7 tr\u1ee3 nh\u00e0 th\u1ea7u<\/span><b><\/b><\/h3><\/div>\n      <div class=\"row row-small\">\n        <div class=\"col medium-6\">\n          <div class=\"col-inner\">\n            <div class=\"slider-nav\">\n                              <div class=\"box_slide\">\n                  <div class=\"box_inner\">\n                    <h3>\u0110\u1eb7t h\u00e0ng ngay<\/h3>\n                    <p>T\u1ea1o \u0111\u01a1n h\u00e0ng v\u00e0 g\u1eedi ngay \u0111\u1ec3 nh\u1eadn c\u00e1c \u01b0u \u0111\u00e3i.<\/p>\n                    <a href=\"#\">\u0110\u1eb7t h\u00e0ng<\/a>\n                  <\/div>\n                <\/div>\n                              <div class=\"box_slide\">\n                  <div class=\"box_inner\">\n                    <h3>L\u01b0u \u00fd thi c\u00f4ng<\/h3>\n                    <p>Nh\u1eefng v\u1ea5n \u0111\u1ec1 hay g\u1eb7p ph\u1ea3i trong qu\u00e1 tr\u00ecnh thi c\u00f4ng.<\/p>\n                    <a href=\"#\">G\u1eedi ngay<\/a>\n                  <\/div>\n                <\/div>\n                              <div class=\"box_slide\">\n                  <div class=\"box_inner\">\n                    <h3>T\u01b0 v\u1ea5n k\u1ef9 thu\u1eadt<\/h3>\n                    <p>Ch\u00fang t\u00f4i lu\u00f4n \u1edf \u0111\u00e2y \u0111\u1ec3 l\u1eafng nghe nh\u1eefng ph\u1ea3n h\u1ed3i c\u1ee7a b\u1ea1n.<\/p>\n                    <a href=\"#\">Xem ngay<\/a>\n                  <\/div>\n                <\/div>\n                          <\/div>\n          <\/div>\n        <\/div> \n        <div class=\"col medium-6 small-col-first\">\n          <div class=\"col-inner\">\n            <div class=\"slider-for\">\n                              <div class=\"img_slide\">\n                  <img decoding=\"async\" src=\"https:\/\/adalhome.com.au\/wp-content\/uploads\/2019\/09\/cascade-roofing-quote.jpg\" alt=\"\" title=\"\">\n                <\/div>\n                              <div class=\"img_slide\">\n                  <img decoding=\"async\" src=\"https:\/\/adalhome.com.au\/wp-content\/uploads\/2019\/09\/literature.jpg\" alt=\"\" title=\"\">\n                <\/div>\n                              <div class=\"img_slide\">\n                  <img decoding=\"async\" src=\"https:\/\/adalhome.com.au\/wp-content\/uploads\/2019\/09\/warranty.jpg\" alt=\"\" title=\"\">\n                <\/div>\n                          <\/div>\n          <\/div>\n        <\/div>               \n      <\/div>\n    \n\t\t<\/div>\n\t\t\t<\/div>\n\n\t\n<\/div>\n\t\t<\/div>\n\n\t\t\n<style>\n#section_645933643 {\n  padding-top: 60px;\n  padding-bottom: 60px;\n}\n<\/style>\n\t<\/section>\n\t\n\t<section class=\"section sec_where dark has-parallax\" id=\"section_939769758\">\n\t\t<div class=\"bg section-bg fill bg-fill  \" data-parallax-container=\".section\" data-parallax-background data-parallax=\"-5\">\n\n\t\t\t\n\t\t\t\n\t\t\t\n\n\t\t<\/div>\n\n\t\t<div class=\"section-content relative\">\n\t\t\t\n<div class=\"row row-small row_where\"  id=\"row-933927786\">\n\n\t<div id=\"col-1553439766\" class=\"col pb-0 small-12 large-12\"  >\n\t\t<div class=\"col-inner text-center\"  >\n\t\t\t\n\t\t\t\n<h2>H\u1ee3p T\u00e1c C\u00f9ng Adal Home<\/h2>\n<p>Adal Home lu\u00f4n ch\u00e0o \u0111\u00f3n s\u1ef1 c\u1ed9ng t\u00e1c t\u1eeb Qu\u00fd Kh\u00e1ch h\u00e0ng \u0111\u1ec3 ph\u00e1t tri\u1ec3n th\u1ecb tr\u01b0\u1eddng<\/p>\n<a href=\"#\" target=\"_self\" class=\"button primary\"  >\n    <span>CHO T\u00d4I XEM<\/span>\n  <\/a>\n\n\t\t<\/div>\n\t\t\t<\/div>\n\n\t\n<\/div>\n\t\t<\/div>\n\n\t\t\n<style>\n#section_939769758 {\n  padding-top: 100px;\n  padding-bottom: 100px;\n}\n#section_939769758 .section-bg.bg-loaded {\n  background-image: url(https:\/\/adalhome.com.au\/wp-content\/uploads\/2019\/09\/where-to-buy.jpg);\n}\n<\/style>\n\t<\/section>\n\t\n","protected":false},"excerpt":{"rendered":"","protected":false},"author":1,"featured_media":0,"parent":0,"menu_order":0,"comment_status":"closed","ping_status":"closed","template":"page-customer.php","meta":{"content-type":"","footnotes":""},"class_list":["post-459","page","type-page","status-publish","hentry"],"_links":{"self":[{"href":"https:\/\/adalhome.com.au\/vi\/wp-json\/wp\/v2\/pages\/459","targetHints":{"allow":["GET"]}}],"collection":[{"href":"https:\/\/adalhome.com.au\/vi\/wp-json\/wp\/v2\/pages"}],"about":[{"href":"https:\/\/adalhome.com.au\/vi\/wp-json\/wp\/v2\/types\/page"}],"author":[{"embeddable":true,"href":"https:\/\/adalhome.com.au\/vi\/wp-json\/wp\/v2\/users\/1"}],"replies":[{"embeddable":true,"href":"https:\/\/adalhome.com.au\/vi\/wp-json\/wp\/v2\/comments?post=459"}],"version-history":[{"count":25,"href":"https:\/\/adalhome.com.au\/vi\/wp-json\/wp\/v2\/pages\/459\/revisions"}],"predecessor-version":[{"id":1983,"href":"https:\/\/adalhome.com.au\/vi\/wp-json\/wp\/v2\/pages\/459\/revisions\/1983"}],"wp:attachment":[{"href":"https:\/\/adalhome.com.au\/vi\/wp-json\/wp\/v2\/media?parent=459"}],"curies":[{"name":"wp","href":"https:\/\/api.w.org\/{rel}","templated":true}]}}