{"id":457,"date":"2019-09-04T02:18:58","date_gmt":"2019-09-04T02:18:58","guid":{"rendered":"http:\/\/23805.lamdx.vinawebsite.vn\/?page_id=457"},"modified":"2019-11-30T14:41:43","modified_gmt":"2019-11-30T14:41:43","slug":"chu-nha","status":"publish","type":"page","link":"https:\/\/adalhome.com.au\/vi\/chu-nha\/","title":{"rendered":"CH\u1ee6 NH\u00c0"},"content":{"rendered":"\t<section class=\"section sec_shingle\" id=\"section_158084931\">\n\t\t<div class=\"bg section-bg fill bg-fill  bg-loaded\" >\n\n\t\t\t\n\t\t\t\n\t\t\t\n\n\t\t<\/div>\n\n\t\t<div class=\"section-content relative\">\n\t\t\t\n<div class=\"row row-small align-center row_shingle\"  id=\"row-1877004841\">\n\n\t<div id=\"col-1701025364\" class=\"col pb-0 medium-12 small-12 large-10\"  >\n\t\t<div class=\"col-inner\"  >\n\t\t\t\n\t\t\t\n<div class=\"container section-title-container\" ><h3 class=\"section-title section-title-center\"><b><\/b><span class=\"section-title-main\" >H\u00c3Y CH\u1eccN S\u1ea2N PH\u1ea8M CHO NH\u00c0 M\u00ccNH<\/span><b><\/b><\/h3><\/div>\n<div class=\"row row_item\"  id=\"row-291443105\">\n\n\t<div id=\"col-1460568036\" class=\"col medium-6 small-12 large-6\"  >\n\t\t<div class=\"col-inner\"  >\n\t\t\t\n\t\t\t\n\n  <div class=\"banner has-hover bg-zoom has-parallax\" id=\"banner-358948557\">\n          <div class=\"banner-inner fill\">\n        <div class=\"banner-bg fill\" data-parallax=\"-2\" data-parallax-container=\".banner\" data-parallax-background>\n            <div class=\"bg fill bg-fill \"><\/div>\n                                    \n                    <\/div>\n        <div class=\"banner-layers container\">\n            <div class=\"fill banner-link\"><\/div>            \n   <div id=\"text-box-753416009\" class=\"text-box banner-layer x10 md-x10 lg-x10 y50 md-y50 lg-y50 res-text\">\n                                <div class=\"text-box-content text dark\">\n              \n              <div class=\"text-inner text-left\">\n                  \n<h3><span style=\"font-family: tahoma, arial, helvetica, sans-serif;\"><strong>So s\u00e1nh SP<\/strong><\/span><\/h3>\n<p>Nh\u1eefng so s\u00e1nh tr\u1ef1c quan gi\u1eefa Adal Home v\u00e0 c\u00e1c s\u1ea3n ph\u1ea9m ph\u1ed5 bi\u1ebfn hi\u1ec7n t\u1ea1i.<\/p>\n<a rel=\"noopener noreferrer\" href=\"https:\/\/adalhome.vn\/so-sanh-sp\/\" target=\"_blank\" class=\"button primary\">\n    <span>Xem ngay<\/span>\n  <\/a>\n\n              <\/div>\n           <\/div>\n                            \n<style>\n#text-box-753416009 {\n  width: 85%;\n}\n#text-box-753416009 .text-box-content {\n  font-size: 100%;\n}\n@media (min-width:550px) {\n  #text-box-753416009 {\n    width: 60%;\n  }\n}\n<\/style>\n    <\/div>\n \n        <\/div>\n      <\/div>\n\n            \n<style>\n#banner-358948557 {\n  padding-top: 225px;\n}\n#banner-358948557 .bg.bg-loaded {\n  background-image: url(https:\/\/adalhome.com.au\/wp-content\/uploads\/2019\/09\/compare-products.jpg);\n}\n<\/style>\n  <\/div>\n\n\n\n  <div class=\"banner has-hover bg-zoom has-parallax\" id=\"banner-124050760\">\n          <div class=\"banner-inner fill\">\n        <div class=\"banner-bg fill\" data-parallax=\"-2\" data-parallax-container=\".banner\" data-parallax-background>\n            <div class=\"bg fill bg-fill \"><\/div>\n                                    \n                    <\/div>\n        <div class=\"banner-layers container\">\n            <div class=\"fill banner-link\"><\/div>            \n   <div id=\"text-box-1609195037\" class=\"text-box banner-layer x10 md-x10 lg-x10 y50 md-y50 lg-y50 res-text\">\n                                <div class=\"text-box-content text dark\">\n              \n              <div class=\"text-inner text-left\">\n                  \n<h3><span style=\"font-family: tahoma, arial, helvetica, sans-serif;\"><strong>Ph\u1ed1i c\u1ea3nh m\u00f4 ph\u1ecfng<\/strong><\/span><\/h3>\n<p>H\u00e3y th\u1eed xem ng\u00f4i nh\u00e0 t\u01b0\u01a1ng lai c\u1ee7a b\u1ea1n s\u1ebd nh\u01b0 th\u1ebf n\u00e0o.<\/p>\n<a rel=\"noopener noreferrer\" href=\"https:\/\/adalhome.vn\/phoi-canh\/\" target=\"_blank\" class=\"button primary\">\n    <span>Th\u1eed ngay<\/span>\n  <\/a>\n\n              <\/div>\n           <\/div>\n                            \n<style>\n#text-box-1609195037 {\n  width: 85%;\n}\n#text-box-1609195037 .text-box-content {\n  font-size: 100%;\n}\n@media (min-width:550px) {\n  #text-box-1609195037 {\n    width: 60%;\n  }\n}\n<\/style>\n    <\/div>\n \n        <\/div>\n      <\/div>\n\n            \n<style>\n#banner-124050760 {\n  padding-top: 225px;\n}\n#banner-124050760 .bg.bg-loaded {\n  background-image: url(https:\/\/adalhome.com.au\/wp-content\/uploads\/2019\/09\/roof-visualizer.jpg);\n}\n<\/style>\n  <\/div>\n\n\n\t\t<\/div>\n\t\t\t<\/div>\n\n\t\n\n\t<div id=\"col-1042958172\" class=\"col medium-6 small-12 large-6\"  >\n\t\t<div class=\"col-inner\"  >\n\t\t\t\n\t\t\t\n\n  <div class=\"banner has-hover bg-zoom has-parallax\" id=\"banner-1939389718\">\n          <div class=\"banner-inner fill\">\n        <div class=\"banner-bg fill\" data-parallax=\"-2\" data-parallax-container=\".banner\" data-parallax-background>\n            <div class=\"bg fill bg-fill \"><\/div>\n                                    \n                    <\/div>\n        <div class=\"banner-layers container\">\n            <div class=\"fill banner-link\"><\/div>            \n   <div id=\"text-box-1393768607\" class=\"text-box banner-layer x10 md-x10 lg-x10 y50 md-y50 lg-y50 res-text\">\n                                <div class=\"text-box-content text dark\">\n              \n              <div class=\"text-inner text-left\">\n                  \n<p>T\u1eadp h\u1ee3p<\/p>\n<h3><span style=\"font-family: tahoma, arial, helvetica, sans-serif; font-size: 36px;\"><strong>\u1ea2nh d\u1ef1 \u00e1n<\/strong><\/span><\/h3>\n<p>M\u1ed9t b\u1ed9 s\u01b0u t\u1eadp nh\u1eefng c\u00f4ng tr\u00ecnh Adal Home \u0111\u00e3 th\u1ef1c hi\u1ec7n.<\/p>\n<a rel=\"noopener noreferrer\" href=\"https:\/\/adalhome.vn\/category\/hinh-anh-du-an\/\" target=\"_blank\" class=\"button primary\">\n    <span>Xem ngay<\/span>\n  <\/a>\n\n              <\/div>\n           <\/div>\n                            \n<style>\n#text-box-1393768607 {\n  width: 85%;\n}\n#text-box-1393768607 .text-box-content {\n  font-size: 100%;\n}\n@media (min-width:550px) {\n  #text-box-1393768607 {\n    width: 60%;\n  }\n}\n<\/style>\n    <\/div>\n \n        <\/div>\n      <\/div>\n\n            \n<style>\n#banner-1939389718 {\n  padding-top: 485px;\n}\n#banner-1939389718 .bg.bg-loaded {\n  background-image: url(https:\/\/adalhome.com.au\/wp-content\/uploads\/2019\/09\/explore-gallery.jpg);\n}\n<\/style>\n  <\/div>\n\n\n\t\t<\/div>\n\t\t\t<\/div>\n\n\t\n<\/div>\n\t\t<\/div>\n\t\t\t<\/div>\n\n\t\n<\/div>\n\t\t<\/div>\n\n\t\t\n<style>\n#section_158084931 {\n  padding-top: 50px;\n  padding-bottom: 50px;\n}\n<\/style>\n\t<\/section>\n\t\n\t<section class=\"section sec_contractors dark\" id=\"section_1350831026\">\n\t\t<div class=\"bg section-bg fill bg-fill  \" >\n\n\t\t\t\n\t\t\t\n\t\t\t\n\n\t\t<\/div>\n\n\t\t<div class=\"section-content relative\">\n\t\t\t\n<div class=\"row row-small row_contractors\"  id=\"row-2009679675\">\n\n\t<div id=\"col-1223492426\" class=\"col medium-7 small-12 large-7\"  >\n\t\t<div class=\"col-inner\"  >\n\t\t\t\n\t\t\t\n<h4>T\u00ccM HI\u1ec2U TH\u00caM<\/h4>\n<h3>T\u00c0I LI\u1ec6U THAM KH\u1ea2O<\/h3>\n<p>B\u1ea1n thi\u1ebfu th\u00f4ng tin, c\u1ea7n t\u00ecm hi\u1ec3u th\u00eam v\u1ec1 s\u1ea3n ph\u1ea9m, ph\u01b0\u01a1ng ph\u00e1p thi c\u00f4ng&#8230; h\u00e3y tham kh\u1ea3o t\u1ea1i \u0111\u00e2y.<\/p>\n<a href=\"#\" target=\"_self\" class=\"button primary\"  >\n    <span>XEM NGAY<\/span>\n  <\/a>\n\n\t\t<\/div>\n\t\t\t<\/div>\n\n\t\n<\/div>\n\t\t<\/div>\n\n\t\t\n<style>\n#section_1350831026 {\n  padding-top: 60px;\n  padding-bottom: 60px;\n}\n#section_1350831026 .section-bg.bg-loaded {\n  background-image: url(https:\/\/adalhome.com.au\/wp-content\/uploads\/2019\/10\/1366x310-1.jpg);\n}\n<\/style>\n\t<\/section>\n\t\n\t<section class=\"section sec_resources\" id=\"section_440542179\">\n\t\t<div class=\"bg section-bg fill bg-fill  bg-loaded\" >\n\n\t\t\t\n\t\t\t\n\t\t\t\n\n\t\t<\/div>\n\n\t\t<div class=\"section-content relative\">\n\t\t\t\n<div class=\"row row-small align-center row_resources\"  id=\"row-1445027464\">\n\n\t<div id=\"col-962821817\" class=\"col pb-0 medium-12 small-12 large-10\"  >\n\t\t<div class=\"col-inner\"  >\n\t\t\t\n\t\t\t\n<div class=\"container section-title-container\" ><h3 class=\"section-title section-title-center\"><b><\/b><span class=\"section-title-main\" >xem th\u00eam<\/span><b><\/b><\/h3><\/div>\n      <div class=\"row row-small\">\n        <div class=\"col medium-6\">\n          <div class=\"col-inner\">\n            <div class=\"slider-nav\">\n                              <div class=\"box_slide\">\n                  <div class=\"box_inner\">\n                    <h3>\u0110\u1eb7t h\u00e0ng<\/h3>\n                    <p>T\u1ea1o \u0111\u01a1n h\u00e0ng ngay \u0111\u1ec3 nh\u1eadn \u01b0u \u0111\u00e3i.<\/p>\n                    <a href=\"#\">\u0110\u1eb7t h\u00e0ng<\/a>\n                  <\/div>\n                <\/div>\n                              <div class=\"box_slide\">\n                  <div class=\"box_inner\">\n                    <h3>T\u00e0i li\u1ec7u<\/h3>\n                    <p>T\u1ea5t c\u1ea3 c\u00e1c t\u00e0i li\u1ec7u li\u00ean quan \u0111\u1ebfn s\u1ea3n ph\u1ea9m Adal Home \u0111ang cung c\u1ea5p.<\/p>\n                    <a href=\"#\">Xem ngay<\/a>\n                  <\/div>\n                <\/div>\n                              <div class=\"box_slide\">\n                  <div class=\"box_inner\">\n                    <h3>B\u1ea3o h\u00e0nh<\/h3>\n                    <p>Th\u00f4ng tin v\u1ec1 ch\u00ednh s\u00e1ch b\u1ea3o h\u00e0nh t\u1eeb c\u00e1c nh\u00e0 s\u1ea3n xu\u1ea5t.<\/p>\n                    <a href=\"#\">Xem ngay<\/a>\n                  <\/div>\n                <\/div>\n                          <\/div>\n          <\/div>\n        <\/div> \n        <div class=\"col medium-6 small-col-first\">\n          <div class=\"col-inner\">\n            <div class=\"slider-for\">\n                              <div class=\"img_slide\">\n                  <img decoding=\"async\" src=\"https:\/\/adalhome.com.au\/wp-content\/uploads\/2019\/09\/cascade-roofing-quote.jpg\" alt=\"\" title=\"\">\n                <\/div>\n                              <div class=\"img_slide\">\n                  <img decoding=\"async\" src=\"https:\/\/adalhome.com.au\/wp-content\/uploads\/2019\/09\/literature.jpg\" alt=\"\" title=\"\">\n                <\/div>\n                              <div class=\"img_slide\">\n                  <img decoding=\"async\" src=\"https:\/\/adalhome.com.au\/wp-content\/uploads\/2019\/09\/warranty.jpg\" alt=\"\" title=\"\">\n                <\/div>\n                          <\/div>\n          <\/div>\n        <\/div>               \n      <\/div>\n    \n\t\t<\/div>\n\t\t\t<\/div>\n\n\t\n<\/div>\n\t\t<\/div>\n\n\t\t\n<style>\n#section_440542179 {\n  padding-top: 60px;\n  padding-bottom: 60px;\n}\n<\/style>\n\t<\/section>\n\t\n\t<section class=\"section sec_where dark has-parallax\" id=\"section_206706902\">\n\t\t<div class=\"bg section-bg fill bg-fill  \" data-parallax-container=\".section\" data-parallax-background data-parallax=\"-5\">\n\n\t\t\t\n\t\t\t\n\t\t\t\n\n\t\t<\/div>\n\n\t\t<div class=\"section-content relative\">\n\t\t\t\n<div class=\"row row-small row_where\"  id=\"row-1982062627\">\n\n\t<div id=\"col-1468711021\" class=\"col pb-0 small-12 large-12\"  >\n\t\t<div class=\"col-inner text-center\"  >\n\t\t\t\n\t\t\t\n<h2>Mua h\u00e0ng c\u1ee7a Adal Home \u1edf \u0111\u00e2u<\/h2>\n<p>Th\u00f4ng tin c\u00e1c \u0111\u1ea1i l\u00fd, nh\u00e0 ph\u00e2n ph\u1ed1i c\u1ee7a Adal Home t\u1ea1i Vi\u1ec7t Nam, L\u00e0o v\u00e0 Campuchia.<\/p>\n<a rel=\"noopener noreferrer\" href=\"https:\/\/adalhome.vn\/lien-he\/\" target=\"_blank\" class=\"button primary\">\n    <span>xem ngay<\/span>\n  <\/a>\n\n\t\t<\/div>\n\t\t\t<\/div>\n\n\t\n<\/div>\n\t\t<\/div>\n\n\t\t\n<style>\n#section_206706902 {\n  padding-top: 100px;\n  padding-bottom: 100px;\n}\n#section_206706902 .section-bg.bg-loaded {\n  background-image: url(https:\/\/adalhome.com.au\/wp-content\/uploads\/2019\/09\/where-to-buy.jpg);\n}\n<\/style>\n\t<\/section>\n\t\n","protected":false},"excerpt":{"rendered":"","protected":false},"author":1,"featured_media":0,"parent":0,"menu_order":0,"comment_status":"closed","ping_status":"closed","template":"page-customer.php","meta":{"content-type":"","footnotes":""},"class_list":["post-457","page","type-page","status-publish","hentry"],"_links":{"self":[{"href":"https:\/\/adalhome.com.au\/vi\/wp-json\/wp\/v2\/pages\/457","targetHints":{"allow":["GET"]}}],"collection":[{"href":"https:\/\/adalhome.com.au\/vi\/wp-json\/wp\/v2\/pages"}],"about":[{"href":"https:\/\/adalhome.com.au\/vi\/wp-json\/wp\/v2\/types\/page"}],"author":[{"embeddable":true,"href":"https:\/\/adalhome.com.au\/vi\/wp-json\/wp\/v2\/users\/1"}],"replies":[{"embeddable":true,"href":"https:\/\/adalhome.com.au\/vi\/wp-json\/wp\/v2\/comments?post=457"}],"version-history":[{"count":36,"href":"https:\/\/adalhome.com.au\/vi\/wp-json\/wp\/v2\/pages\/457\/revisions"}],"predecessor-version":[{"id":2224,"href":"https:\/\/adalhome.com.au\/vi\/wp-json\/wp\/v2\/pages\/457\/revisions\/2224"}],"wp:attachment":[{"href":"https:\/\/adalhome.com.au\/vi\/wp-json\/wp\/v2\/media?parent=457"}],"curies":[{"name":"wp","href":"https:\/\/api.w.org\/{rel}","templated":true}]}}