{"id":364,"date":"2019-09-03T07:35:28","date_gmt":"2019-09-03T07:35:28","guid":{"rendered":"http:\/\/23805.lamdx.vinawebsite.vn\/?page_id=364"},"modified":"2020-08-18T08:17:27","modified_gmt":"2020-08-18T08:17:27","slug":"so-sanh-sp","status":"publish","type":"page","link":"https:\/\/adalhome.com.au\/vi\/so-sanh-sp\/","title":{"rendered":"So s\u00e1nh SP"},"content":{"rendered":"<div class=\"su-tabs su-tabs-style-default su-tabs-mobile-desktop\" data-active=\"1\" data-scroll-offset=\"0\" data-anchor-in-url=\"no\"><div class=\"su-tabs-nav\"><span class=\"\" data-url=\"\" data-target=\"blank\" tabindex=\"0\" role=\"button\">So s\u00e1nh \u0111\u00e1<\/span><\/div><div class=\"su-tabs-panes\"><div class=\"su-tabs-pane su-u-clearfix su-u-trim\" data-title=\"So s\u00e1nh \u0111\u00e1\">\n<table style=\"border-collapse: collapse; width: 100%; height: 625px;\">\n<tbody>\n<tr style=\"height: 21px;\">\n<td style=\"width: 100%; text-align: center; height: 21px;\" colspan=\"4\">\n<h1><span style=\"color: #ffcc00;\"><strong>B\u1ea2NG SO S\u00c1NH \u0110\u00c1<\/strong><\/span><\/h1>\n<\/td>\n<\/tr>\n<tr style=\"height: 161px;\">\n<td style=\"width: 25%; height: 161px;\"><strong>H\u00ccNH \u1ea2NH<\/strong><\/td>\n<td style=\"width: 25%; height: 161px; text-align: center;\"><img loading=\"lazy\" decoding=\"async\" class=\"aligncenter wp-image-2171 size-full\" src=\"http:\/\/28236.datnb.vinawebsite.vn\/wp-content\/uploads\/2020\/08\/so-sanh-sp-364.jpg\" alt=\"\" width=\"400\" height=\"500\" title=\"\"><\/td>\n<td style=\"width: 25%; height: 161px; text-align: center;\"><img loading=\"lazy\" decoding=\"async\" class=\"aligncenter wp-image-2173 size-full\" src=\"http:\/\/28236.datnb.vinawebsite.vn\/wp-content\/uploads\/2020\/08\/so-sanh-sp-364-1.jpg\" alt=\"\" width=\"400\" height=\"500\" title=\"\"><\/td>\n<td style=\"width: 25%; height: 161px; text-align: center;\"><img loading=\"lazy\" decoding=\"async\" class=\"aligncenter wp-image-2175 size-full\" src=\"http:\/\/28236.datnb.vinawebsite.vn\/wp-content\/uploads\/2020\/08\/so-sanh-sp-364-2.jpg\" alt=\"\" width=\"400\" height=\"500\" title=\"\"><\/td>\n<\/tr>\n<tr style=\"height: 43px;\">\n<td style=\"width: 25%; height: 43px;\"><strong>CH\u1ee6NG LO\u1ea0I<\/strong><\/td>\n<td style=\"width: 25%; height: 43px; text-align: center;\" width=\"171\"><strong>ART STONE<\/strong><br \/>\n<strong>SLIM COVER<\/strong><\/td>\n<td style=\"width: 25%; height: 43px; text-align: center;\" width=\"171\"><strong>ART STONE<\/strong><br \/>\n<strong>FLEXY FACE<\/strong><\/td>\n<td style=\"width: 25%; height: 43px; text-align: center;\" width=\"171\"><strong>ART STONE<\/strong><br \/>\n<strong>LIGHT WALL<\/strong><\/td>\n<\/tr>\n<tr style=\"height: 21px;\">\n<td style=\"width: 25%; height: 21px;\"><strong>C\u00d4NG NGH\u1ec6<\/strong><\/td>\n<td style=\"width: 25%; height: 21px; text-align: center;\" width=\"171\"><span style=\"color: #000000; font-size: 16px;\">\u0110\u1ee9c<\/span><\/td>\n<td style=\"width: 25%; height: 21px; text-align: center;\" width=\"171\"><span style=\"color: #000000; font-size: 16px;\">\u0110\u1ee9c<\/span><\/td>\n<td style=\"width: 25%; height: 21px; text-align: center;\" width=\"171\"><span style=\"color: #000000; font-size: 16px;\">\u0110\u1ee9c<\/span><\/td>\n<\/tr>\n<tr style=\"height: 21px;\">\n<td style=\"width: 25%; height: 21px;\"><strong>XU\u1ea4T X\u1ee8<\/strong><\/td>\n<td style=\"width: 25%; height: 21px; text-align: center;\" width=\"171\"><span style=\"color: #000000; font-size: 16px;\">\u1ea4n \u0110\u1ed9<\/span><\/td>\n<td style=\"width: 25%; height: 21px; text-align: center;\" width=\"171\"><span style=\"color: #000000; font-size: 16px;\">\u1ea4n \u0110\u1ed9<\/span><\/td>\n<td style=\"width: 25%; height: 21px; text-align: center;\" width=\"171\"><span style=\"color: #000000; font-size: 16px;\">\u1ea4n \u0110\u1ed9<\/span><\/td>\n<\/tr>\n<tr style=\"height: 21px;\">\n<td style=\"width: 25%; height: 21px;\"><strong>V\u1eacT LI\u1ec6U CH\u00cdNH<\/strong><\/td>\n<td style=\"width: 25%; height: 21px; text-align: center;\" width=\"171\"><span style=\"color: #000000; font-size: 16px;\">\u0110\u00e1 t\u1ef1 nhi\u00ean<\/span><\/td>\n<td style=\"width: 25%; height: 21px; text-align: center;\" width=\"171\"><span style=\"color: #000000; font-size: 16px;\">\u0110\u00e1 t\u1ef1 nhi\u00ean<\/span><\/td>\n<td style=\"width: 25%; height: 21px; text-align: center;\" width=\"171\"><span style=\"color: #000000; font-size: 16px;\">\u0110\u00e1 t\u1ef1 nhi\u00ean<\/span><\/td>\n<\/tr>\n<tr style=\"height: 43px;\">\n<td style=\"width: 25%; height: 43px;\"><strong>C\u1ea4U T\u1ea0O<\/strong><\/td>\n<td style=\"width: 75%; height: 43px; text-align: center;\" colspan=\"3\" width=\"513\"><span style=\"color: #000000; font-size: 16px;\">B\u1ec1 m\u1eb7t \u0111\u00e1 t\u1ef1 nhi\u00ean 100% \u0111\u01b0\u1ee3c li\u00ean k\u1ebft tr\u00ean b\u1ec1 m\u1eb7t m\u1ed9t lo\u1ea1i keo chuy\u00ean d\u1ee5ng c\u00f9ng m\u00e0ng s\u1ee3i th\u1ee7y tinh.<\/span><\/td>\n<\/tr>\n<tr style=\"height: 21px;\">\n<td style=\"width: 25%; height: 21px;\"><strong>\u0110\u1eb6C TR\u01afNG<\/strong><\/td>\n<td style=\"width: 25%; text-align: center;\" width=\"171\"><span style=\"color: #000000; font-size: 16px;\">M\u1eb7t l\u01b0ng l\u00e0 l\u1edbp n\u1ec1n t\u1ed1i t\u1ea1o \u0111\u1ed9 s\u00e2u cho m\u1eb7t v\u00e2n \u0111\u00e1<\/span><\/td>\n<td style=\"width: 25%; text-align: center;\" width=\"171\"><span style=\"color: #000000; font-size: 16px;\">M\u1eb7t l\u01b0ng l\u00e0 m\u1ed9t l\u1edbp l\u00f4ng c\u1eebu \/ v\u1ea3i m\u1ecfng t\u1ea1o \u0111\u1ed9 m\u1ec1m d\u1ebbo<\/span><\/td>\n<td style=\"width: 25%; text-align: center;\" width=\"171\"><span style=\"color: #000000; font-size: 16px;\">To\u00e0n b\u1ed9 n\u1ec1n l\u00e0 m\u1ed9t kh\u1ed1i trong m\u1edd, t\u1ea1o kh\u1ea3 n\u0103ng xuy\u00ean s\u00e1ng<\/span><\/td>\n<\/tr>\n<tr style=\"height: 21px;\">\n<td style=\"width: 25%; height: 21px;\" width=\"169\"><strong>KI\u1ec2U V\u00c2N<\/strong><\/td>\n<td style=\"width: 25%; text-align: center;\" width=\"171\"><span style=\"color: #000000; font-size: 16px;\">23 m\u1ea1ch \u0111\u00e1<\/span><\/td>\n<td style=\"width: 25%; text-align: center;\" width=\"171\"><span style=\"color: #000000; font-size: 16px;\">19 m\u1ea1ch \u0111\u00e1<\/span><\/td>\n<td style=\"width: 25%; text-align: center;\" width=\"171\"><span style=\"color: #000000; font-size: 16px;\">18 m\u1ea1ch \u0111\u00e1<\/span><\/td>\n<\/tr>\n<tr style=\"height: 21px;\">\n<td style=\"width: 25%; height: 21px;\"><strong>K\u00cdCH TH\u01af\u1edaC<\/strong><\/td>\n<td style=\"width: 25%; text-align: center;\" width=\"171\"><span style=\"color: #000000; font-size: 16px;\">D.1220 x R.600 mm<\/span><\/td>\n<td style=\"width: 25%; text-align: center;\" width=\"171\"><span style=\"color: #000000; font-size: 16px;\">D.1220 x R.600 mm<\/span><\/td>\n<td style=\"width: 25%; text-align: center;\" width=\"171\"><span style=\"color: #000000; font-size: 16px;\">D.1220 x R.600 mm<\/span><\/td>\n<\/tr>\n<tr style=\"height: 21px;\">\n<td style=\"width: 25%; height: 21px;\"><strong>TR\u1eccNG L\u01af\u1ee2NG<\/strong><\/td>\n<td style=\"width: 25%; text-align: center;\" width=\"171\"><span style=\"color: #000000; font-size: 16px;\">~1.5Kg\/m2<\/span><\/td>\n<td style=\"width: 25%; text-align: center;\" width=\"171\"><span style=\"color: #000000; font-size: 16px;\">~0.8Kg\/m2<\/span><\/td>\n<td style=\"width: 25%; text-align: center;\" width=\"171\"><span style=\"color: #000000; font-size: 16px;\">~1.5Kg\/m2<\/span><\/td>\n<\/tr>\n<tr style=\"height: 21px;\">\n<td style=\"width: 25%; height: 21px;\"><strong>V\u00c1CH<\/strong><\/td>\n<td style=\"width: 25%; height: 21px; text-align: center;\"><span style=\"font-family: arial, helvetica, sans-serif;\"><img loading=\"lazy\" decoding=\"async\" class=\"alignnone wp-image-2137\" src=\"http:\/\/28236.datnb.vinawebsite.vn\/wp-content\/uploads\/2020\/08\/so-sanh-sp-364-3.jpg\" alt=\"\" width=\"26\" height=\"26\" title=\"\"><\/span><\/td>\n<td style=\"width: 25%; height: 21px; text-align: center;\"><span style=\"font-family: arial, helvetica, sans-serif;\"><img loading=\"lazy\" decoding=\"async\" class=\"alignnone wp-image-2137\" src=\"http:\/\/28236.datnb.vinawebsite.vn\/wp-content\/uploads\/2020\/08\/so-sanh-sp-364-3.jpg\" alt=\"\" width=\"26\" height=\"26\" title=\"\"><\/span><\/td>\n<td style=\"width: 25%; height: 21px; text-align: center;\"><span style=\"font-family: arial, helvetica, sans-serif;\"><img loading=\"lazy\" decoding=\"async\" class=\"alignnone wp-image-2137\" src=\"http:\/\/28236.datnb.vinawebsite.vn\/wp-content\/uploads\/2020\/08\/so-sanh-sp-364-3.jpg\" alt=\"\" width=\"26\" height=\"26\" title=\"\"><\/span><\/td>\n<\/tr>\n<tr style=\"height: 21px;\">\n<td style=\"width: 25%; height: 21px;\"><strong>NGO\u00c0I TR\u1edcI<\/strong><\/td>\n<td style=\"width: 25%; height: 21px; text-align: center;\"><span style=\"font-family: arial, helvetica, sans-serif;\"><img loading=\"lazy\" decoding=\"async\" class=\"alignnone wp-image-2137\" src=\"http:\/\/28236.datnb.vinawebsite.vn\/wp-content\/uploads\/2020\/08\/so-sanh-sp-364-3.jpg\" alt=\"\" width=\"26\" height=\"26\" title=\"\"><\/span><\/td>\n<td style=\"width: 25%; height: 21px; text-align: center;\"><img loading=\"lazy\" decoding=\"async\" class=\"alignnone wp-image-2153\" src=\"http:\/\/28236.datnb.vinawebsite.vn\/wp-content\/uploads\/2020\/08\/img_469207.png\" alt=\"\" width=\"23\" height=\"23\" title=\"\"><\/td>\n<td style=\"width: 25%; height: 21px; text-align: center;\"><span style=\"font-family: arial, helvetica, sans-serif;\"><img loading=\"lazy\" decoding=\"async\" class=\"alignnone wp-image-2137\" src=\"http:\/\/28236.datnb.vinawebsite.vn\/wp-content\/uploads\/2020\/08\/so-sanh-sp-364-3.jpg\" alt=\"\" width=\"26\" height=\"26\" title=\"\"><\/span><\/td>\n<\/tr>\n<tr style=\"height: 21px;\">\n<td style=\"width: 25%; height: 21px;\"><strong>THI\u1ebeT B\u1eca N\u1ed8I TH\u1ea4T<\/strong><\/td>\n<td style=\"width: 25%; height: 21px; text-align: center;\"><span style=\"font-family: arial, helvetica, sans-serif;\"><img loading=\"lazy\" decoding=\"async\" class=\"alignnone wp-image-2137\" src=\"http:\/\/28236.datnb.vinawebsite.vn\/wp-content\/uploads\/2020\/08\/so-sanh-sp-364-3.jpg\" alt=\"\" width=\"26\" height=\"26\" title=\"\"><\/span><\/td>\n<td style=\"width: 25%; height: 21px; text-align: center;\"><span style=\"font-family: arial, helvetica, sans-serif;\"><img loading=\"lazy\" decoding=\"async\" class=\"alignnone wp-image-2137\" src=\"http:\/\/28236.datnb.vinawebsite.vn\/wp-content\/uploads\/2020\/08\/so-sanh-sp-364-3.jpg\" alt=\"\" width=\"26\" height=\"26\" title=\"\"><\/span><\/td>\n<td style=\"width: 25%; height: 21px; text-align: center;\"><span style=\"font-family: arial, helvetica, sans-serif;\"><img loading=\"lazy\" decoding=\"async\" class=\"alignnone wp-image-2137\" src=\"http:\/\/28236.datnb.vinawebsite.vn\/wp-content\/uploads\/2020\/08\/so-sanh-sp-364-3.jpg\" alt=\"\" width=\"26\" height=\"26\" title=\"\"><\/span><\/td>\n<\/tr>\n<tr style=\"height: 21px;\">\n<td style=\"width: 25%; height: 21px;\"><strong>PH\u00d2NG T\u1eaeM<\/strong><\/td>\n<td style=\"width: 25%; height: 21px; text-align: center;\"><span style=\"font-family: arial, helvetica, sans-serif;\"><img loading=\"lazy\" decoding=\"async\" class=\"alignnone wp-image-2137\" src=\"http:\/\/28236.datnb.vinawebsite.vn\/wp-content\/uploads\/2020\/08\/so-sanh-sp-364-3.jpg\" alt=\"\" width=\"26\" height=\"26\" title=\"\"><\/span><\/td>\n<td style=\"width: 25%; height: 21px; text-align: center;\"><img loading=\"lazy\" decoding=\"async\" class=\"alignnone wp-image-2153\" src=\"http:\/\/28236.datnb.vinawebsite.vn\/wp-content\/uploads\/2020\/08\/img_469207.png\" alt=\"\" width=\"23\" height=\"23\" title=\"\"><\/td>\n<td style=\"width: 25%; height: 21px; text-align: center;\"><span style=\"font-family: arial, helvetica, sans-serif;\"><img loading=\"lazy\" decoding=\"async\" class=\"alignnone wp-image-2137\" src=\"http:\/\/28236.datnb.vinawebsite.vn\/wp-content\/uploads\/2020\/08\/so-sanh-sp-364-3.jpg\" alt=\"\" width=\"26\" height=\"26\" title=\"\"><\/span><\/td>\n<\/tr>\n<tr style=\"height: 21px;\">\n<td style=\"width: 25%; height: 21px;\"><strong>L\u00d3T S\u00c0N<\/strong><\/td>\n<td style=\"width: 25%; height: 21px; text-align: center;\"><span style=\"font-family: arial, helvetica, sans-serif;\"><img loading=\"lazy\" decoding=\"async\" class=\"alignnone wp-image-2137\" src=\"http:\/\/28236.datnb.vinawebsite.vn\/wp-content\/uploads\/2020\/08\/so-sanh-sp-364-3.jpg\" alt=\"\" width=\"26\" height=\"26\" title=\"\"><\/span><\/td>\n<td style=\"width: 25%; height: 21px; text-align: center;\"><img loading=\"lazy\" decoding=\"async\" class=\"alignnone wp-image-2153\" src=\"http:\/\/28236.datnb.vinawebsite.vn\/wp-content\/uploads\/2020\/08\/img_469207.png\" alt=\"\" width=\"23\" height=\"23\" title=\"\"><\/td>\n<td style=\"width: 25%; height: 21px; text-align: center;\"><span style=\"font-family: arial, helvetica, sans-serif;\"><img loading=\"lazy\" decoding=\"async\" class=\"alignnone wp-image-2137\" src=\"http:\/\/28236.datnb.vinawebsite.vn\/wp-content\/uploads\/2020\/08\/so-sanh-sp-364-3.jpg\" alt=\"\" width=\"26\" height=\"26\" title=\"\"><\/span><\/td>\n<\/tr>\n<tr style=\"height: 21px;\">\n<td style=\"width: 25%; height: 21px;\"><strong>NH\u00c0 B\u1ebeP<\/strong><\/td>\n<td style=\"width: 25%; height: 21px; text-align: center;\"><span style=\"font-family: arial, helvetica, sans-serif;\"><img loading=\"lazy\" decoding=\"async\" class=\"alignnone wp-image-2137\" src=\"http:\/\/28236.datnb.vinawebsite.vn\/wp-content\/uploads\/2020\/08\/so-sanh-sp-364-3.jpg\" alt=\"\" width=\"26\" height=\"26\" title=\"\"><\/span><\/td>\n<td style=\"width: 25%; height: 21px; text-align: center;\"><img loading=\"lazy\" decoding=\"async\" class=\"alignnone wp-image-2153\" src=\"http:\/\/28236.datnb.vinawebsite.vn\/wp-content\/uploads\/2020\/08\/img_469207.png\" alt=\"\" width=\"23\" height=\"23\" title=\"\"><\/td>\n<td style=\"width: 25%; height: 21px; text-align: center;\"><span style=\"font-family: arial, helvetica, sans-serif;\"><img loading=\"lazy\" decoding=\"async\" class=\"alignnone wp-image-2137\" src=\"http:\/\/28236.datnb.vinawebsite.vn\/wp-content\/uploads\/2020\/08\/so-sanh-sp-364-3.jpg\" alt=\"\" width=\"26\" height=\"26\" title=\"\"><\/span><\/td>\n<\/tr>\n<tr style=\"height: 21px;\">\n<td style=\"width: 25%; height: 21px;\"><strong>M\u1eb6T D\u1ef0NG<\/strong><\/td>\n<td style=\"width: 25%; height: 21px; text-align: center;\"><span style=\"font-family: arial, helvetica, sans-serif;\"><img loading=\"lazy\" decoding=\"async\" class=\"alignnone wp-image-2137\" src=\"http:\/\/28236.datnb.vinawebsite.vn\/wp-content\/uploads\/2020\/08\/so-sanh-sp-364-3.jpg\" alt=\"\" width=\"26\" height=\"26\" title=\"\"><\/span><\/td>\n<td style=\"width: 25%; height: 21px; text-align: center;\"><img loading=\"lazy\" decoding=\"async\" class=\"alignnone wp-image-2153\" src=\"http:\/\/28236.datnb.vinawebsite.vn\/wp-content\/uploads\/2020\/08\/img_469207.png\" alt=\"\" width=\"23\" height=\"23\" title=\"\"><\/td>\n<td style=\"width: 25%; height: 21px; text-align: center;\"><img loading=\"lazy\" decoding=\"async\" class=\"alignnone wp-image-2153\" src=\"http:\/\/28236.datnb.vinawebsite.vn\/wp-content\/uploads\/2020\/08\/img_469207.png\" alt=\"\" width=\"23\" height=\"23\" title=\"\"><\/td>\n<\/tr>\n<tr style=\"height: 21px;\">\n<td style=\"width: 25%; height: 21px;\"><strong>M\u1eb6T CONG<\/strong><\/td>\n<td style=\"width: 25%; height: 21px; text-align: center;\"><img loading=\"lazy\" decoding=\"async\" class=\"alignnone wp-image-2153\" src=\"http:\/\/28236.datnb.vinawebsite.vn\/wp-content\/uploads\/2020\/08\/img_469207.png\" alt=\"\" width=\"23\" height=\"23\" title=\"\"><\/td>\n<td style=\"width: 25%; height: 21px; text-align: center;\"><span style=\"font-family: arial, helvetica, sans-serif;\"><img loading=\"lazy\" decoding=\"async\" class=\"alignnone wp-image-2137\" src=\"http:\/\/28236.datnb.vinawebsite.vn\/wp-content\/uploads\/2020\/08\/so-sanh-sp-364-3.jpg\" alt=\"\" width=\"26\" height=\"26\" title=\"\"><\/span><\/td>\n<td style=\"width: 25%; height: 21px; text-align: center;\"><img loading=\"lazy\" decoding=\"async\" class=\"alignnone wp-image-2153\" src=\"http:\/\/28236.datnb.vinawebsite.vn\/wp-content\/uploads\/2020\/08\/img_469207.png\" alt=\"\" width=\"23\" height=\"23\" title=\"\"><\/td>\n<\/tr>\n<tr style=\"height: 21px;\">\n<td style=\"width: 25%; height: 21px;\"><strong>\u0110\u00c1NH \u0110\u00c8N<\/strong><\/td>\n<td style=\"width: 25%; height: 21px; text-align: center;\"><img loading=\"lazy\" decoding=\"async\" class=\"alignnone wp-image-2153\" src=\"http:\/\/28236.datnb.vinawebsite.vn\/wp-content\/uploads\/2020\/08\/img_469207.png\" alt=\"\" width=\"23\" height=\"23\" title=\"\"><\/td>\n<td style=\"width: 25%; height: 21px; text-align: center;\"><img loading=\"lazy\" decoding=\"async\" class=\"alignnone wp-image-2153\" src=\"http:\/\/28236.datnb.vinawebsite.vn\/wp-content\/uploads\/2020\/08\/img_469207.png\" alt=\"\" width=\"23\" height=\"23\" title=\"\"><\/td>\n<td style=\"width: 25%; height: 21px; text-align: center;\"><span style=\"font-family: arial, helvetica, sans-serif;\"><img loading=\"lazy\" decoding=\"async\" class=\"alignnone wp-image-2137\" src=\"http:\/\/28236.datnb.vinawebsite.vn\/wp-content\/uploads\/2020\/08\/so-sanh-sp-364-3.jpg\" alt=\"\" width=\"26\" height=\"26\" title=\"\"><\/span><\/td>\n<\/tr>\n<tr style=\"height: 21px;\">\n<td style=\"width: 25%; height: 21px;\"><strong>GI\u00c1 TH\u00c0NH<\/strong><\/td>\n<td style=\"width: 25%; height: 21px; text-align: center;\"><span style=\"font-size: 16px;\">$<\/span><\/td>\n<td style=\"width: 25%; height: 21px; text-align: center;\"><span style=\"font-size: 16px;\">$$<\/span><\/td>\n<td style=\"width: 25%; height: 21px; text-align: center;\"><span style=\"font-size: 16px;\">$$$<\/span><\/td>\n<\/tr>\n<tr>\n<td style=\"width: 25%;\"><strong>\u00a0<\/strong><\/td>\n<td style=\"width: 25%; text-align: center;\"><span style=\"font-size: 16px;\"><span style=\"color: #000000;\"><a href=\"https:\/\/adalhome.vn\/sanpham\/slim-cover\/\" class=\"su-button su-button-style-flat\" style=\"color:#FFFFFF;background-color:#E49e00;border-color:#b77f00;border-radius:0px\" target=\"_blank\" rel=\"noopener noreferrer\"><span style=\"color:#FFFFFF;padding:0px 16px;font-size:13px;line-height:26px;border-color:#edbc4d;border-radius:0px;text-shadow:none\"> XEM TH\u00caM<\/span><\/a><\/span><\/span><\/td>\n<td style=\"width: 25%; text-align: center;\"><span style=\"font-size: 16px;\"><span style=\"color: #000000;\"><a href=\"https:\/\/adalhome.vn\/sanpham\/flexy-face\/\" class=\"su-button su-button-style-flat\" style=\"color:#FFFFFF;background-color:#E49e00;border-color:#b77f00;border-radius:0px\" target=\"_blank\" rel=\"noopener noreferrer\"><span style=\"color:#FFFFFF;padding:0px 16px;font-size:13px;line-height:26px;border-color:#edbc4d;border-radius:0px;text-shadow:none\"> XEM TH\u00caM<\/span><\/a><\/span><\/span><\/td>\n<td style=\"width: 25%; text-align: center;\"><span style=\"font-size: 16px;\"><span style=\"color: #000000;\"><a href=\"https:\/\/adalhome.vn\/sanpham\/light-wall\/\" class=\"su-button su-button-style-flat\" style=\"color:#FFFFFF;background-color:#E49e00;border-color:#b77f00;border-radius:0px\" target=\"_blank\" rel=\"noopener noreferrer\"><span style=\"color:#FFFFFF;padding:0px 16px;font-size:13px;line-height:26px;border-color:#edbc4d;border-radius:0px;text-shadow:none\"> XEM TH\u00caM<\/span><\/a><\/span><\/span><\/td>\n<\/tr>\n<\/tbody>\n<\/table>\n<\/div><\/div><\/div>\n","protected":false},"excerpt":{"rendered":"","protected":false},"author":1,"featured_media":0,"parent":0,"menu_order":0,"comment_status":"closed","ping_status":"closed","template":"","meta":{"content-type":"","footnotes":""},"class_list":["post-364","page","type-page","status-publish","hentry"],"_links":{"self":[{"href":"https:\/\/adalhome.com.au\/vi\/wp-json\/wp\/v2\/pages\/364","targetHints":{"allow":["GET"]}}],"collection":[{"href":"https:\/\/adalhome.com.au\/vi\/wp-json\/wp\/v2\/pages"}],"about":[{"href":"https:\/\/adalhome.com.au\/vi\/wp-json\/wp\/v2\/types\/page"}],"author":[{"embeddable":true,"href":"https:\/\/adalhome.com.au\/vi\/wp-json\/wp\/v2\/users\/1"}],"replies":[{"embeddable":true,"href":"https:\/\/adalhome.com.au\/vi\/wp-json\/wp\/v2\/comments?post=364"}],"version-history":[{"count":45,"href":"https:\/\/adalhome.com.au\/vi\/wp-json\/wp\/v2\/pages\/364\/revisions"}],"predecessor-version":[{"id":4187,"href":"https:\/\/adalhome.com.au\/vi\/wp-json\/wp\/v2\/pages\/364\/revisions\/4187"}],"wp:attachment":[{"href":"https:\/\/adalhome.com.au\/vi\/wp-json\/wp\/v2\/media?parent=364"}],"curies":[{"name":"wp","href":"https:\/\/api.w.org\/{rel}","templated":true}]}}