{"id":357,"date":"2019-09-03T07:32:26","date_gmt":"2019-09-03T07:32:26","guid":{"rendered":"http:\/\/23805.lamdx.vinawebsite.vn\/?page_id=357"},"modified":"2020-08-18T09:07:26","modified_gmt":"2020-08-18T09:07:26","slug":"ve-chung-toi","status":"publish","type":"page","link":"https:\/\/adalhome.com.au\/vi\/ve-chung-toi\/","title":{"rendered":"V\u1ec1 Adal Home<sup>\u00ae<\/sup>"},"content":{"rendered":"<div class=\"su-tabs su-tabs-style-default su-tabs-mobile-desktop\" data-active=\"1\" data-scroll-offset=\"0\" data-anchor-in-url=\"no\"><div class=\"su-tabs-nav\"><span class=\"\" data-url=\"\" data-target=\"blank\" tabindex=\"0\" role=\"button\">Adal Home<\/span><span class=\"\" data-url=\"\" data-target=\"blank\" tabindex=\"0\" role=\"button\">Art Stone<\/span><\/div><div class=\"su-tabs-panes\"><div class=\"su-tabs-pane su-u-clearfix su-u-trim\" data-title=\"Adal Home\">\n<div class=\"su-row\"><div class=\"su-column su-column-size-1-2\"><div class=\"su-column-inner su-u-clearfix su-u-trim\">\n<p><span style=\"font-size: 18px; color: #ffcc00;\"><strong>Adal Home<sup>\u00ae<\/sup> &#8211; \u0110\u1ed3ng h\u00e0nh c\u00f9ng kh\u00e1ch h\u00e0ng:<\/strong><\/span><\/p>\n<hr \/>\n<div class=\"su-table su-table-responsive su-table-alternate\">\n<table style=\"width: 33.4615%\">\n<tbody>\n<tr>\n<td style=\"width: 10.2627%\"><span class=\"su-dropcap su-dropcap-style-flat\" style=\"font-size:1.5em\">A<\/span><\/td>\n<td style=\"width: 86.9786%\"><span style=\"font-size: 14px\">Lu\u00f4n ho\u00e0n thi\u1ec7n \u0111\u1ec3 d\u1eabn \u0111\u1ea7u<\/span><\/td>\n<\/tr>\n<tr>\n<td style=\"width: 10.2627%\"><span class=\"su-dropcap su-dropcap-style-flat\" style=\"font-size:1.5em\">D<\/span><\/td>\n<td style=\"width: 86.9786%\"><span style=\"font-size: 14px\">Durable, h\u01b0\u1edbng \u0111\u1ebfn s\u1ef1 ph\u00e1t tri\u1ec3n b\u1ec1n v\u1eefng<\/span><\/td>\n<\/tr>\n<tr>\n<td style=\"width: 10.2627%\"><span class=\"su-dropcap su-dropcap-style-flat\" style=\"font-size:1.5em\">A<\/span><\/td>\n<td style=\"width: 86.9786%\"><span style=\"font-size: 14px\">Artistic, tinh t\u1ebf trong t\u1eebng chi ti\u1ebft<\/span><\/td>\n<\/tr>\n<tr>\n<td style=\"width: 10.2627%\"><span class=\"su-dropcap su-dropcap-style-flat\" style=\"font-size:1.5em\">L<\/span><\/td>\n<td style=\"width: 86.9786%\"><span style=\"color: #555555;font-size: 14px\">Luxurious, s\u1ef1 cao c\u1ea5p \u0111\u1ebfn t\u1eeb s\u1ea3n ph\u1ea9m l\u1eabn d\u1ecbch v\u1ee5<\/span><\/td>\n<\/tr>\n<\/tbody>\n<\/table>\n<p><span style=\"color: #555555\"><\/div><\/span><\/p>\n<p style=\"text-align: justify;\"><span style=\"font-size: 14px; color: #000000;\">Trong th\u1ecb tr\u01b0\u1eddng \u0111\u1ea7y r\u1eaby c\u1ea1m b\u1eaby, nh\u1eefng &#8220;con bu\u00f4n&#8221; gian d\u1ed1i lu\u00f4n s\u1eb5n s\u00e0ng &#8220;l\u00e0m th\u1ecbt&#8221; kh\u00e1ch h\u00e0ng c\u1ee7a m\u00ecnh, kh\u00e1ch h\u00e0ng lu\u00f4n \u0111\u01b0\u1ee3c \u0111\u1eb7t trong t\u00ecnh tr\u1ea1ng &#8220;b\u00e1o \u0111\u1ed9ng \u0111\u1ecf&#8221;.<\/span><\/p>\n<p style=\"text-align: justify;\"><span style=\"font-size: 14px; color: #000000;\">Trong ho\u00e0n c\u1ea3nh \u1ea5y <span style=\"color: #000000;\"><a href=\"https:\/\/adalhome.vn\/\" target=\"_blank\" rel=\"noopener noreferrer\"><span style=\"color: #ff0000;\"><strong>Adal Home<sup>\u00ae<\/sup><\/strong><\/span><\/a><\/span>\u00a0ra \u0111\u1eddi v\u1edbi mong mu\u1ed1n kh\u1eb3ng \u0111\u1ecbnh s\u1ef1 t\u1eed t\u1ebf lu\u00f4n t\u1ed3n t\u1ea1i v\u00e0 lu\u00f4n \u0111\u1ed3ng h\u00e0nh c\u00f9ng kh\u00e1ch h\u00e0ng b\u1ea5t c\u1ee9 khi n\u00e0o b\u1ea1n c\u1ea7n. V\u00e0 c\u0169ng mu\u1ed1n t\u1eeb \u0111\u00e2y g\u00f3p ph\u1ea7n truy\u1ec1n c\u1ea3m h\u1ee9ng cho l\u1edbp ng\u01b0\u1eddi Vi\u1ec7t tr\u1ebb r\u1eb1ng h\u00e3y lao \u0111\u1ed9ng, h\u1ecdc t\u1eadp v\u00e0 kinh doanh m\u1ed9t c\u00e1ch th\u1eadt t\u1eed t\u1ebf, r\u1ed3i ch\u00fang ta s\u1ebd nh\u1eadn \u0111\u01b0\u1ee3c nh\u1eefng \u0111i\u1ec1u t\u1eed t\u1ebf v\u00e0 s\u1ebd x\u00e2y d\u1ef1ng \u0111\u01b0\u1ee3c m\u1ed9t qu\u1ed1c gia t\u1eed t\u1ebf trong m\u1eaft m\u1ecdi ng\u01b0\u1eddi d\u00e2n tr\u00ean th\u1ebf gi\u1edbi.<\/span><\/p>\n<p style=\"text-align: justify;\"><span style=\"font-size: 14px; color: #000000;\">Ch\u00fang t\u00f4i, t\u1eadp th\u1ec3 <span style=\"color: #000000;\"><a href=\"https:\/\/adalhome.vn\/\" target=\"_blank\" rel=\"noopener noreferrer\"><span style=\"color: #ff0000;\"><strong>Adal Home<sup>\u00ae<\/sup><\/strong><\/span><\/a><\/span>\u00a0l\u00e0 m\u1ed9t \u0111\u1ed9i ng\u1ee7 tr\u00ed th\u1ee9c tr\u1ebb mang trong m\u00ecnh nh\u1eefng nhi\u1ec7t huy\u1ebft, h\u0103ng say lao \u0111\u1ed9ng c\u00f9ng kh\u00e1t khao d\u00f9ng s\u1ef1 t\u1eed t\u1ebf c\u1ee7a ch\u00ednh m\u00ecnh c\u00f9ng g\u00f3p ph\u1ea7n x\u00e2y n\u00ean nh\u1eefng ng\u00f4i nh\u00e0 b\u1ec3n v\u1eefng cho hi\u1ec7n t\u1ea1i v\u00e0 t\u01b0\u01a1ng lai.<\/span><\/p>\n<p style=\"text-align: justify;\"><\/div><\/div> <div class=\"su-column su-column-size-1-2\"><div class=\"su-column-inner su-u-clearfix su-u-trim\">\n<p><img loading=\"lazy\" decoding=\"async\" class=\"alignnone wp-image-2207 size-full\" src=\"http:\/\/28236.datnb.vinawebsite.vn\/wp-content\/uploads\/2020\/08\/ve-adal-home-357.jpg\" alt=\"\" width=\"550\" height=\"600\" title=\"\"><\/p>\n<\/div><\/div><\/div>\n<\/div>\n<div class=\"su-tabs-pane su-u-clearfix su-u-trim\" data-title=\"Art Stone\">\n<div class=\"su-row\"><div class=\"su-column su-column-size-1-2\"><div class=\"su-column-inner su-u-clearfix su-u-trim\">\n<p><span style=\"font-size: 18px; color: #ffcc00;\"><strong>Si\u00eau \u0111\u00e1 Art Stone<sup>\u00ae<\/sup> &#8211; C\u00e1ch m\u1ea1ng trang tr\u00ed:<\/strong><\/span><\/p>\n<hr \/>\n<div class=\"su-table su-table-responsive su-table-alternate\">\n<table style=\"width: 33.4615%\">\n<tbody>\n<tr>\n<td style=\"width: 10.2627%\"><span class=\"su-dropcap su-dropcap-style-flat\" style=\"font-size:1.5em\">A<\/span><\/td>\n<td style=\"width: 86.9786%\"><span style=\"font-size: 14px\">\u0110\u1ec9nh cao trang tr\u00ed b\u1eb1ng \u0111\u00e1<\/span><\/td>\n<\/tr>\n<tr>\n<td style=\"width: 10.2627%\"><span class=\"su-dropcap su-dropcap-style-flat\" style=\"font-size:1.5em\">D<\/span><\/td>\n<td style=\"width: 86.9786%\"><span style=\"font-size: 14px\">Durable, c\u00f4ng ngh\u1ec7 \u0110\u1ee9c v\u1edbi \u0111\u1ed9 b\u1ec1n v\u01b0\u1ee3t tr\u1ed9i<\/span><\/td>\n<\/tr>\n<tr>\n<td style=\"width: 10.2627%\"><span class=\"su-dropcap su-dropcap-style-flat\" style=\"font-size:1.5em\">A<\/span><\/td>\n<td style=\"width: 86.9786%\"><span style=\"font-size: 14px\">Artistic, b\u1ea1n t\u1eebng nghe u\u1ed1n cong \u0111\u00e1, \u0111\u00e1 si\u00eau nh\u1eb9 hay \u0111\u00e1 xuy\u00ean s\u00e1ng?<\/span><\/td>\n<\/tr>\n<tr>\n<td style=\"width: 10.2627%\"><span class=\"su-dropcap su-dropcap-style-flat\" style=\"font-size:1.5em\">L<\/span><\/td>\n<td style=\"width: 86.9786%\"><span style=\"color: #555555;font-size: 14px\">Luxurious, m\u1ea1ch v\u00e2n \u0111\u00e1 t\u1ef1 nhi\u00ean lu\u00f4n l\u00e0 \u0111\u1ec9nh cao c\u1ee7a s\u1ef1 sang tr\u1ecdng<\/span><\/td>\n<\/tr>\n<\/tbody>\n<\/table>\n<p><span style=\"color: #555555\"><\/div><\/span><\/p>\n<p style=\"text-align: justify;\"><span style=\"color: #000000;\">M\u1ed9t cu\u1ed9c c\u00e1ch m\u1ea1ng m\u1edbi trong trang tr\u00ed b\u1eb1ng \u0111\u00e1 \u0111\u00e3 xu\u1ea5t hi\u1ec7n tr\u00ean th\u1ebf gi\u1edbi c\u00e1ch \u0111\u00e2y ~10 n\u0103m. \u0110\u00f3 ch\u00ednh l\u00e0 d\u00f2ng \u0111\u00e1 m\u1ecfng v\u1edbi \u0111\u1ed9 d\u00e0y ch\u1ec9 t\u1eeb 1-2mm v\u00e0 b\u1ec1 m\u1eb7t \u0111\u00e1 t\u1ef1 nhi\u00ean 100%. V\u1eabn v\u00e2n \u0111\u00e1 t\u1ef1 nhi\u00ean, v\u1eabn n\u00e9t quy\u1ebfn r\u0169 \u0111\u1ea7y m\u00ea ho\u1eb7c t\u1eeb nh\u1eefng n\u00e9t tr\u1ea7m t\u00edch h\u00e0ng tri\u1ec7u n\u0103m. Nh\u01b0ng kh\u00e1c bi\u1ec7t \u1edf ch\u1ed7 r\u1ea5t m\u1ec1m d\u1ebbo v\u00e0 gia c\u00f4ng \u0111\u01a1n gi\u1ea3n h\u01a1n g\u1ea5p tr\u0103m l\u1ea7n. \u0110\u1eb7c bi\u1ec7t gi\u1edd \u0111\u00e2y v\u1edbi vi\u1ec7c s\u1eed d\u1ee5ng <span style=\"color: #ff0000;\"><strong>Art Stone<sup>\u00ae<\/sup><\/strong><\/span>, ch\u00fang ta \u0111\u00e3 g\u00f3p ph\u1ea7n ti\u1ebft ki\u1ec7m r\u1ea5t nhi\u1ec1u \u0111\u00e1 cho thi\u00ean nhi\u00ean.<\/span><\/p>\n<p style=\"text-align: justify;\"><span style=\"color: #000000;\"><span style=\"color: #ff0000;\"><strong>Art Stone<sup>\u00ae<\/sup><\/strong><\/span> \u0111\u01b0\u1ee3c s\u1ea3n xu\u1ea5t t\u1eeb nh\u00e0 m\u00e1y Richter c\u1ee7a \u0110\u1ee9c \u0111\u1eb7t t\u1ea1i \u1ea4n \u0110\u1ed9.<\/span><\/p>\n<a href=\"https:\/\/adalhome.vn\/danhmuc\/sieu-da-art-stone\/\" class=\"su-button su-button-style-flat\" style=\"color:#FFFFFF;background-color:#E49e00;border-color:#b77f00;border-radius:0px\" target=\"_blank\" rel=\"noopener noreferrer\"><span style=\"color:#FFFFFF;padding:0px 16px;font-size:13px;line-height:26px;border-color:#edbc4d;border-radius:0px;text-shadow:none\"> XEM TH\u00caM<\/span><\/a>\n<p style=\"text-align: justify;\"><\/div><\/div> <div class=\"su-column su-column-size-1-2\"><div class=\"su-column-inner su-u-clearfix su-u-trim\">\n<p><img loading=\"lazy\" decoding=\"async\" class=\"alignnone wp-image-2215 size-full\" src=\"http:\/\/28236.datnb.vinawebsite.vn\/wp-content\/uploads\/2020\/08\/ve-adal-home-357-1.jpg\" alt=\"\" width=\"550\" height=\"600\" title=\"\"><\/p>\n<\/div><\/div><\/div>\n<\/div><\/div><\/div>\n<p style=\"text-align: justify;\"><span style=\"color: #ffcc00;\"><strong>C\u00d4NG TY TNHH ADAL HOME<\/strong><\/span><\/p>\n<p style=\"text-align: justify;\"><span style=\"color: #000000;\">S\u1ed1 2, \u0111\u01b0\u1eddng s\u1ed1 7, KP.4, P.An Ph\u00fa, Q.2, TP.HCM<\/span><\/p>\n<p style=\"text-align: justify;\"><span style=\"color: #000000;\">028 6271 3917 &#8211; <span style=\"color: #ff0000;\"><strong>0901 189 896 <\/strong>(Zalo chat)<\/span><\/span><\/p>\n<p style=\"text-align: justify;\"><span style=\"color: #000000;\"><a href=\"http:\/\/www.adalhome.com\" target=\"_blank\" rel=\"noopener\">www.adalhome.com<\/a> &#8211; <a href=\"http:\/\/www.adalhome.vn\" target=\"_blank\" rel=\"noopener\">www.adalhome.vn<\/a><\/span><\/p>\n<p style=\"text-align: justify;\"><span style=\"color: #000000;\"><a href=\"mailto:sales@adalhome.vn\">sales@adalhome.vn<\/a> &#8211; <a href=\"mailto:box@adalhome.vn\">box@adalhome.vn<\/a><\/span><\/p>\n<p style=\"text-align: justify;\"><span style=\"color: #000000;\"><a href=\"https:\/\/www.facebook.com\/AdalHome\" target=\"_blank\" rel=\"noopener noreferrer\">Fanpage<\/a> v\u00e0 K\u00eanh <a href=\"https:\/\/www.youtube.com\/channel\/UCgRWfUdjUjZUBDkcJoswk6Q\" target=\"_blank\" rel=\"noopener noreferrer\">Youtube<\/a><\/span><\/p>\n<a href=\"https:\/\/www.youtube.com\/channel\/UCgRWfUdjUjZUBDkcJoswk6Q?view_as=subscriber\" class=\"su-button su-button-style-flat\" style=\"color:#FFFFFF;background-color:#e40001;border-color:#b70001;border-radius:0px\" target=\"_blank\" rel=\"noopener noreferrer\"><span style=\"color:#FFFFFF;padding:6px 16px;font-size:13px;line-height:20px;border-color:#ed4d4e;border-radius:0px;text-shadow:none\"><i class=\"sui sui-youtube-play\" style=\"font-size:13px;color:#FFFFFF\"><\/i> youtube<\/span><\/a>\u00a0 <a href=\"https:\/\/www.facebook.com\/AdalHome\/\" class=\"su-button su-button-style-flat\" style=\"color:#FFFFFF;background-color:#0f00e4;border-color:#0c00b7;border-radius:0px\" target=\"_blank\" rel=\"noopener noreferrer\"><span style=\"color:#FFFFFF;padding:6px 16px;font-size:13px;line-height:20px;border-color:#574ded;border-radius:0px;text-shadow:none\"><i class=\"sui sui-facebook-square\" style=\"font-size:13px;color:#FFFFFF\"><\/i> fanpage<\/span><\/a>\n","protected":false},"excerpt":{"rendered":"<p>C\u00d4NG TY TNHH ADAL HOME S\u1ed1 2, \u0111\u01b0\u1eddng s\u1ed1 7, KP.4, P.An Ph\u00fa, Q.2, TP.HCM 028 6271 3917 &#8211; 0901 189 896 (Zalo chat) www.adalhome.com &#8211; www.adalhome.vn sales@adalhome.vn &#8211; box@adalhome.vn Fanpage v\u00e0 K\u00eanh Youtube \u00a0<\/p>\n","protected":false},"author":1,"featured_media":0,"parent":0,"menu_order":0,"comment_status":"closed","ping_status":"closed","template":"","meta":{"content-type":"","footnotes":""},"class_list":["post-357","page","type-page","status-publish","hentry"],"_links":{"self":[{"href":"https:\/\/adalhome.com.au\/vi\/wp-json\/wp\/v2\/pages\/357","targetHints":{"allow":["GET"]}}],"collection":[{"href":"https:\/\/adalhome.com.au\/vi\/wp-json\/wp\/v2\/pages"}],"about":[{"href":"https:\/\/adalhome.com.au\/vi\/wp-json\/wp\/v2\/types\/page"}],"author":[{"embeddable":true,"href":"https:\/\/adalhome.com.au\/vi\/wp-json\/wp\/v2\/users\/1"}],"replies":[{"embeddable":true,"href":"https:\/\/adalhome.com.au\/vi\/wp-json\/wp\/v2\/comments?post=357"}],"version-history":[{"count":37,"href":"https:\/\/adalhome.com.au\/vi\/wp-json\/wp\/v2\/pages\/357\/revisions"}],"predecessor-version":[{"id":4237,"href":"https:\/\/adalhome.com.au\/vi\/wp-json\/wp\/v2\/pages\/357\/revisions\/4237"}],"wp:attachment":[{"href":"https:\/\/adalhome.com.au\/vi\/wp-json\/wp\/v2\/media?parent=357"}],"curies":[{"name":"wp","href":"https:\/\/api.w.org\/{rel}","templated":true}]}}