{"id":2398,"date":"2020-05-05T04:08:42","date_gmt":"2020-05-05T04:08:42","guid":{"rendered":"https:\/\/adalhome.vn\/?page_id=2398"},"modified":"2020-05-05T04:10:12","modified_gmt":"2020-05-05T04:10:12","slug":"chinh-sach","status":"publish","type":"page","link":"https:\/\/adalhome.com.au\/vi\/chinh-sach\/","title":{"rendered":"CH\u00cdNH S\u00c1CH"},"content":{"rendered":"<p>\u0110ang c\u1eadp nh\u1eadt n\u1ed9i dung.<\/p>\n<p>Vui l\u00f2ng quay l\u1ea1i sau&#8230;&#8230;&#8230;&#8230;.<\/p>\n","protected":false},"excerpt":{"rendered":"<p>\u0110ang c\u1eadp nh\u1eadt n\u1ed9i dung. Vui l\u00f2ng quay l\u1ea1i sau&#8230;&#8230;&#8230;&#8230;.<\/p>\n","protected":false},"author":2,"featured_media":0,"parent":0,"menu_order":0,"comment_status":"closed","ping_status":"closed","template":"","meta":{"content-type":"","footnotes":""},"class_list":["post-2398","page","type-page","status-publish","hentry"],"_links":{"self":[{"href":"https:\/\/adalhome.com.au\/vi\/wp-json\/wp\/v2\/pages\/2398","targetHints":{"allow":["GET"]}}],"collection":[{"href":"https:\/\/adalhome.com.au\/vi\/wp-json\/wp\/v2\/pages"}],"about":[{"href":"https:\/\/adalhome.com.au\/vi\/wp-json\/wp\/v2\/types\/page"}],"author":[{"embeddable":true,"href":"https:\/\/adalhome.com.au\/vi\/wp-json\/wp\/v2\/users\/2"}],"replies":[{"embeddable":true,"href":"https:\/\/adalhome.com.au\/vi\/wp-json\/wp\/v2\/comments?post=2398"}],"version-history":[{"count":5,"href":"https:\/\/adalhome.com.au\/vi\/wp-json\/wp\/v2\/pages\/2398\/revisions"}],"predecessor-version":[{"id":3850,"href":"https:\/\/adalhome.com.au\/vi\/wp-json\/wp\/v2\/pages\/2398\/revisions\/3850"}],"wp:attachment":[{"href":"https:\/\/adalhome.com.au\/vi\/wp-json\/wp\/v2\/media?parent=2398"}],"curies":[{"name":"wp","href":"https:\/\/api.w.org\/{rel}","templated":true}]}}